{"id":1723,"date":"2025-01-04T00:18:27","date_gmt":"2025-01-03T23:18:27","guid":{"rendered":"https:\/\/nlc-business.com\/ueber-uns\/"},"modified":"2025-01-07T23:46:29","modified_gmt":"2025-01-07T22:46:29","slug":"ueber-uns","status":"publish","type":"page","link":"https:\/\/nlc-business.com\/de\/ueber-uns\/","title":{"rendered":"\u00dcber uns"},"content":{"rendered":"\t\t<div data-elementor-type=\"wp-page\" data-elementor-id=\"1723\" class=\"elementor elementor-1723 elementor-594\" data-elementor-post-type=\"page\">\n\t\t\t\t<div class=\"elementor-element elementor-element-071f7e0 e-flex e-con-boxed e-con e-parent\" data-id=\"071f7e0\" data-element_type=\"container\" data-settings=\"{&quot;background_background&quot;:&quot;classic&quot;}\">\n\t\t\t\t\t<div class=\"e-con-inner\">\n\t\t\t\t<div class=\"elementor-element elementor-element-2c6f4b1 elementor-widget elementor-widget-image-box\" data-id=\"2c6f4b1\" data-element_type=\"widget\" data-widget_type=\"image-box.default\">\n\t\t\t\t<div class=\"elementor-widget-container\">\n\t\t\t\t\t<div class=\"elementor-image-box-wrapper\"><div class=\"elementor-image-box-content\"><h1 class=\"elementor-image-box-title\">\u00dcber uns<\/h1><p class=\"elementor-image-box-description\">Willkommen bei NLC Business, wo Qualit\u00e4t auf Innovation trifft. Wir wurden 2010 gegr\u00fcndet und bieten viel Erfahrung und ein Engagement f\u00fcr Spitzenleistungen. Wir sind darauf spezialisiert, L\u00f6sungen anzubieten, die auf die Bed\u00fcrfnisse unserer Kunden zugeschnitten sind.<\/p><\/div><\/div>\t\t\t\t<\/div>\n\t\t\t\t<\/div>\n\t\t\t\t\t<\/div>\n\t\t\t\t<\/div>\n\t\t<div class=\"elementor-element elementor-element-8bceba8 e-flex e-con-boxed e-con e-parent\" data-id=\"8bceba8\" data-element_type=\"container\" data-settings=\"{&quot;background_background&quot;:&quot;classic&quot;}\">\n\t\t\t\t\t<div class=\"e-con-inner\">\n\t\t\t\t<div class=\"elementor-element elementor-element-c2477d7 elementor-widget elementor-widget-image-box\" data-id=\"c2477d7\" data-element_type=\"widget\" data-widget_type=\"image-box.default\">\n\t\t\t\t<div class=\"elementor-widget-container\">\n\t\t\t\t\t<div class=\"elementor-image-box-wrapper\"><div class=\"elementor-image-box-content\"><h2 class=\"elementor-image-box-title\">Wer wir sind<\/h2><p class=\"elementor-image-box-description\">Herz und Hirn von NLC ist Gabriele Novosel. Mit mehr als 25 Jahren Gesch\u00e4ftserfahrung, zwei Master-Abschl\u00fcssen, zahlreichen Aus- und Weiterbildungszertifikaten und rund 15 Jahren in leitender Position bei NLC handelt sie immer so, wie sie es sagt: \"Es gibt kein \"geht nicht\" - nur eine andere Art, die Dinge zu tun.\" Zusammen mit ihrem bew\u00e4hrten Netzwerk von Senior Experten wie ehemaligen Laien und Beratern, Technikexperten, IT-Spezialisten usw. bietet sie ein breites Spektrum an bew\u00e4hrtem Wissen und geeigneten L\u00f6sungen f\u00fcr die Herausforderungen ihrer Kunden. Diskret, dynamisch, enthusiastisch und engagiert f\u00fcr den Erfolg seiner Kunden und geht die extra Meile.  <\/p><\/div><\/div>\t\t\t\t<\/div>\n\t\t\t\t<\/div>\n\t\t\t\t<div class=\"elementor-element elementor-element-ed7f4b4 elementor-widget elementor-widget-image\" data-id=\"ed7f4b4\" data-element_type=\"widget\" data-widget_type=\"image.default\">\n\t\t\t\t<div class=\"elementor-widget-container\">\n\t\t\t\t\t\t\t\t\t\t\t\t\t\t\t<img fetchpriority=\"high\" decoding=\"async\" width=\"1024\" height=\"339\" src=\"https:\/\/nlc-business.com\/wp-content\/uploads\/2025\/01\/AdobeStock_502133057-1024x339.jpeg\" class=\"attachment-large size-large wp-image-1711\" alt=\"\" srcset=\"https:\/\/nlc-business.com\/wp-content\/uploads\/2025\/01\/AdobeStock_502133057-1024x339.jpeg 1024w, https:\/\/nlc-business.com\/wp-content\/uploads\/2025\/01\/AdobeStock_502133057-300x99.jpeg 300w, https:\/\/nlc-business.com\/wp-content\/uploads\/2025\/01\/AdobeStock_502133057-768x255.jpeg 768w, https:\/\/nlc-business.com\/wp-content\/uploads\/2025\/01\/AdobeStock_502133057-1536x509.jpeg 1536w, https:\/\/nlc-business.com\/wp-content\/uploads\/2025\/01\/AdobeStock_502133057-2048x679.jpeg 2048w\" sizes=\"(max-width: 1024px) 100vw, 1024px\" \/>\t\t\t\t\t\t\t\t\t\t\t\t\t\t\t<\/div>\n\t\t\t\t<\/div>\n\t\t\t\t\t<\/div>\n\t\t\t\t<\/div>\n\t\t<div class=\"elementor-element elementor-element-c1878d7 e-flex e-con-boxed e-con e-parent\" data-id=\"c1878d7\" data-element_type=\"container\" data-settings=\"{&quot;background_background&quot;:&quot;classic&quot;}\">\n\t\t\t\t\t<div class=\"e-con-inner\">\n\t\t\t\t<div class=\"elementor-element elementor-element-fc0abf1 elementor-widget elementor-widget-image-box\" data-id=\"fc0abf1\" data-element_type=\"widget\" data-widget_type=\"image-box.default\">\n\t\t\t\t<div class=\"elementor-widget-container\">\n\t\t\t\t\t<div class=\"elementor-image-box-wrapper\"><div class=\"elementor-image-box-content\"><h2 class=\"elementor-image-box-title\">Kernqualit\u00e4ten<\/h2><p class=\"elementor-image-box-description\">Mit unserem hochmodernen Wissen und unseren qualifizierten Mitarbeitern ist NLC bestrebt, unsere Kunden dabei zu unterst\u00fctzen, den Wandel zu meistern. Unser Engagement f\u00fcr Pr\u00e4zision, Innovation und Effizienz hebt uns von unseren Mitbewerbern ab.<\/p><\/div><\/div>\t\t\t\t<\/div>\n\t\t\t\t<\/div>\n\t\t<div class=\"elementor-element elementor-element-76fbaff e-con-full e-flex e-con e-child\" data-id=\"76fbaff\" data-element_type=\"container\">\n\t\t<div class=\"elementor-element elementor-element-6ee184d e-con-full e-flex e-con e-child\" data-id=\"6ee184d\" data-element_type=\"container\">\n\t\t\t\t<div class=\"elementor-element elementor-element-fb5e25c elementor-widget elementor-widget-image-box\" data-id=\"fb5e25c\" data-element_type=\"widget\" data-widget_type=\"image-box.default\">\n\t\t\t\t<div class=\"elementor-widget-container\">\n\t\t\t\t\t<div class=\"elementor-image-box-wrapper\"><div class=\"elementor-image-box-content\"><h3 class=\"elementor-image-box-title\">Zuverl\u00e4ssig<\/h3><p class=\"elementor-image-box-description\">NLC ist ein zuverl\u00e4ssiger Partner f\u00fcr Ihren gesamten Beratungsbedarf. Dank unserer langj\u00e4hrigen Erfahrung und unserer tadellosen Erfolgsbilanz k\u00f6nnen Sie darauf vertrauen, dass wir qualitativ hochwertige, moderne und nachhaltige L\u00f6sungen liefern.<\/p><\/div><\/div>\t\t\t\t<\/div>\n\t\t\t\t<\/div>\n\t\t\t\t<\/div>\n\t\t<div class=\"elementor-element elementor-element-a8ac873 e-con-full e-flex e-con e-child\" data-id=\"a8ac873\" data-element_type=\"container\">\n\t\t\t\t<div class=\"elementor-element elementor-element-e139aa5 elementor-widget elementor-widget-image-box\" data-id=\"e139aa5\" data-element_type=\"widget\" data-widget_type=\"image-box.default\">\n\t\t\t\t<div class=\"elementor-widget-container\">\n\t\t\t\t\t<div class=\"elementor-image-box-wrapper\"><div class=\"elementor-image-box-content\"><h3 class=\"elementor-image-box-title\">Professionell<\/h3><p class=\"elementor-image-box-description\">NLC ist stolz auf seinen professionellen Ansatz bei der Beratung. Unser Expertenteam h\u00e4lt sich an Beratungsstandards und stellt sicher, dass jede L\u00f6sung mit Pr\u00e4zision und Professionalit\u00e4t geliefert wird.<\/p><\/div><\/div>\t\t\t\t<\/div>\n\t\t\t\t<\/div>\n\t\t\t\t<\/div>\n\t\t<div class=\"elementor-element elementor-element-3c8ddf9 e-con-full e-flex e-con e-child\" data-id=\"3c8ddf9\" data-element_type=\"container\">\n\t\t\t\t<div class=\"elementor-element elementor-element-963cdb9 elementor-widget elementor-widget-image-box\" data-id=\"963cdb9\" data-element_type=\"widget\" data-widget_type=\"image-box.default\">\n\t\t\t\t<div class=\"elementor-widget-container\">\n\t\t\t\t\t<div class=\"elementor-image-box-wrapper\"><div class=\"elementor-image-box-content\"><h3 class=\"elementor-image-box-title\">Gesch\u00e4tzt<\/h3><p class=\"elementor-image-box-description\">Unser Engagement f\u00fcr Spitzenleistungen hat uns den Ruf eines hochgesch\u00e4tzten Beratungsunternehmens eingebracht. Arbeiten Sie mit uns zusammen, um hervorragende Qualit\u00e4t, au\u00dfergew\u00f6hnlichen Service und Kundenzufriedenheit zu gew\u00e4hrleisten.<\/p><\/div><\/div>\t\t\t\t<\/div>\n\t\t\t\t<\/div>\n\t\t\t\t<\/div>\n\t\t\t\t<\/div>\n\t\t\t\t\t<\/div>\n\t\t\t\t<\/div>\n\t\t<div class=\"elementor-element elementor-element-f5f3b6c e-flex e-con-boxed e-con e-parent\" data-id=\"f5f3b6c\" data-element_type=\"container\">\n\t\t\t\t\t<div class=\"e-con-inner\">\n\t\t<div class=\"elementor-element elementor-element-b487e9c e-con-full e-flex e-con e-child\" data-id=\"b487e9c\" data-element_type=\"container\">\n\t\t<div class=\"elementor-element elementor-element-9481afa e-con-full e-flex e-con e-child\" data-id=\"9481afa\" data-element_type=\"container\">\n\t\t\t\t<div class=\"elementor-element elementor-element-951cbaa elementor-widget elementor-widget-heading\" data-id=\"951cbaa\" data-element_type=\"widget\" data-widget_type=\"heading.default\">\n\t\t\t\t<div class=\"elementor-widget-container\">\n\t\t\t\t\t<h6 class=\"elementor-heading-title elementor-size-default\">CEO<\/h6>\t\t\t\t<\/div>\n\t\t\t\t<\/div>\n\t\t\t\t<\/div>\n\t\t<div class=\"elementor-element elementor-element-72aabca e-con-full e-flex e-con e-child\" data-id=\"72aabca\" data-element_type=\"container\">\n\t\t\t\t<div class=\"elementor-element elementor-element-388a11f elementor-widget elementor-widget-image-box\" data-id=\"388a11f\" data-element_type=\"widget\" data-widget_type=\"image-box.default\">\n\t\t\t\t<div class=\"elementor-widget-container\">\n\t\t\t\t\t<div class=\"elementor-image-box-wrapper\"><div class=\"elementor-image-box-content\"><h2 class=\"elementor-image-box-title\">Gabriele Novosel, MBA MSc<\/h2><p class=\"elementor-image-box-description\">Als Gr\u00fcnderin und Eigent\u00fcmerin von NLC ist sie eine dynamische F\u00fchrungspers\u00f6nlichkeit mit einer nachgewiesenen Erfolgsbilanz. Mit ihrem ausgepr\u00e4gten Verst\u00e4ndnis f\u00fcr das Gesch\u00e4ft und ihrer vision\u00e4ren Denkweise setzt sie sich daf\u00fcr ein, dass das Unternehmen an der Spitze der Beratungsinnovation bleibt. Durch die F\u00f6rderung einer Kultur der Exzellenz und die Unterst\u00fctzung eines bew\u00e4hrten Netzwerks hilft sie ihren Kunden, ihre Ziele zu erreichen und die Erwartungen ihrer Kunden zu \u00fcbertreffen. Mit ihrem Fachwissen und ihrem unerm\u00fcdlichen Engagement,  <\/p><\/div><\/div>\t\t\t\t<\/div>\n\t\t\t\t<\/div>\n\t\t\t\t<div class=\"elementor-element elementor-element-acec605 elementor-widget elementor-widget-button\" data-id=\"acec605\" data-element_type=\"widget\" data-widget_type=\"button.default\">\n\t\t\t\t<div class=\"elementor-widget-container\">\n\t\t\t\t\t\t\t\t\t<div class=\"elementor-button-wrapper\">\n\t\t\t\t\t<a class=\"elementor-button elementor-button-link elementor-size-sm\" href=\"#\">\n\t\t\t\t\t\t<span class=\"elementor-button-content-wrapper\">\n\t\t\t\t\t\t\t\t\t<span class=\"elementor-button-text\">Mehr wissen<\/span>\n\t\t\t\t\t<\/span>\n\t\t\t\t\t<\/a>\n\t\t\t\t<\/div>\n\t\t\t\t\t\t\t\t<\/div>\n\t\t\t\t<\/div>\n\t\t\t\t<\/div>\n\t\t<div class=\"elementor-element elementor-element-b2018ca e-con-full e-flex e-con e-child\" data-id=\"b2018ca\" data-element_type=\"container\">\n\t\t\t\t<div class=\"elementor-element elementor-element-379fc54 elementor-widget elementor-widget-image\" data-id=\"379fc54\" data-element_type=\"widget\" data-widget_type=\"image.default\">\n\t\t\t\t<div class=\"elementor-widget-container\">\n\t\t\t\t\t\t\t\t\t\t\t\t\t\t\t<img decoding=\"async\" width=\"457\" height=\"583\" src=\"https:\/\/nlc-business.com\/wp-content\/uploads\/2025\/01\/Portraet_PP_2021-2.jpg\" class=\"attachment-large size-large wp-image-1720\" alt=\"\" srcset=\"https:\/\/nlc-business.com\/wp-content\/uploads\/2025\/01\/Portraet_PP_2021-2.jpg 457w, https:\/\/nlc-business.com\/wp-content\/uploads\/2025\/01\/Portraet_PP_2021-2-235x300.jpg 235w\" sizes=\"(max-width: 457px) 100vw, 457px\" \/>\t\t\t\t\t\t\t\t\t\t\t\t\t\t\t<\/div>\n\t\t\t\t<\/div>\n\t\t\t\t<\/div>\n\t\t\t\t<\/div>\n\t\t<div class=\"elementor-element elementor-element-26625fd e-con-full e-flex e-con e-child\" data-id=\"26625fd\" data-element_type=\"container\">\n\t\t\t\t<\/div>\n\t\t<div class=\"elementor-element elementor-element-cdb5f54 e-con-full e-flex e-con e-child\" data-id=\"cdb5f54\" data-element_type=\"container\">\n\t\t<div class=\"elementor-element elementor-element-6a079a5 e-con-full e-flex e-con e-child\" data-id=\"6a079a5\" data-element_type=\"container\" data-settings=\"{&quot;background_background&quot;:&quot;classic&quot;}\">\n\t\t\t\t<div class=\"elementor-element elementor-element-e9e8510 elementor-widget elementor-widget-image-box\" data-id=\"e9e8510\" data-element_type=\"widget\" data-widget_type=\"image-box.default\">\n\t\t\t\t<div class=\"elementor-widget-container\">\n\t\t\t\t\t<div class=\"elementor-image-box-wrapper\"><div class=\"elementor-image-box-content\"><h3 class=\"elementor-image-box-title\">Gesch\u00e4ftspartner<\/h3><p class=\"elementor-image-box-description\">Gemeinsam erreichen wir mehr - gemeinsam f\u00fcr den Erfolg unserer Kunden<\/p><\/div><\/div>\t\t\t\t<\/div>\n\t\t\t\t<\/div>\n\t\t\t\t<\/div>\n\t\t<div class=\"elementor-element elementor-element-f63f133 e-con-full e-flex e-con e-child\" data-id=\"f63f133\" data-element_type=\"container\" data-settings=\"{&quot;background_background&quot;:&quot;classic&quot;}\">\n\t\t\t\t<div class=\"elementor-element elementor-element-2d49df5 elementor-widget elementor-widget-image-box\" data-id=\"2d49df5\" data-element_type=\"widget\" data-widget_type=\"image-box.default\">\n\t\t\t\t<div class=\"elementor-widget-container\">\n\t\t\t\t\t<div class=\"elementor-image-box-wrapper\"><div class=\"elementor-image-box-content\"><h3 class=\"elementor-image-box-title\">Senior Experten<\/h3><p class=\"elementor-image-box-description\">Sie m\u00fcssen nicht alles wissen, aber Sie m\u00fcssen wissen, wen Sie fragen und einbeziehen m\u00fcssen.<\/p><\/div><\/div>\t\t\t\t<\/div>\n\t\t\t\t<\/div>\n\t\t\t\t<\/div>\n\t\t<div class=\"elementor-element elementor-element-c1e8690 e-con-full e-flex e-con e-child\" data-id=\"c1e8690\" data-element_type=\"container\" data-settings=\"{&quot;background_background&quot;:&quot;classic&quot;}\">\n\t\t\t\t<div class=\"elementor-element elementor-element-ead9768 elementor-widget elementor-widget-image-box\" data-id=\"ead9768\" data-element_type=\"widget\" data-widget_type=\"image-box.default\">\n\t\t\t\t<div class=\"elementor-widget-container\">\n\t\t\t\t\t<div class=\"elementor-image-box-wrapper\"><div class=\"elementor-image-box-content\"><h3 class=\"elementor-image-box-title\">Netzwerke<\/h3><p class=\"elementor-image-box-description\">Wir sind Mitglied in wichtigen Verb\u00e4nden, um unser Wissen zu teilen und mehr zu erfahren<\/p><\/div><\/div>\t\t\t\t<\/div>\n\t\t\t\t<\/div>\n\t\t\t\t<\/div>\n\t\t\t\t<\/div>\n\t\t\t\t\t<\/div>\n\t\t\t\t<\/div>\n\t\t<div class=\"elementor-element elementor-element-5d22111 e-flex e-con-boxed e-con e-parent\" data-id=\"5d22111\" data-element_type=\"container\" data-settings=\"{&quot;background_background&quot;:&quot;classic&quot;}\">\n\t\t\t\t\t<div class=\"e-con-inner\">\n\t\t\t\t<div class=\"elementor-element elementor-element-161e116 elementor-widget elementor-widget-heading\" data-id=\"161e116\" data-element_type=\"widget\" data-widget_type=\"heading.default\">\n\t\t\t\t<div class=\"elementor-widget-container\">\n\t\t\t\t\t<h2 class=\"elementor-heading-title elementor-size-default\">Wir helfen Unternehmen, die Digitalisierung und Transformation mit h\u00f6chster Qualit\u00e4t und Pr\u00e4zision voranzutreiben.<\/h2>\t\t\t\t<\/div>\n\t\t\t\t<\/div>\n\t\t\t\t<div class=\"elementor-element elementor-element-3e5fbee elementor-widget elementor-widget-heading\" data-id=\"3e5fbee\" data-element_type=\"widget\" data-widget_type=\"heading.default\">\n\t\t\t\t<div class=\"elementor-widget-container\">\n\t\t\t\t\t<p class=\"elementor-heading-title elementor-size-default\">Wenn Sie mehr \u00fcber NLC erfahren m\u00f6chten, z\u00f6gern Sie nicht, uns zu kontaktieren!<\/p>\t\t\t\t<\/div>\n\t\t\t\t<\/div>\n\t\t\t\t<div class=\"elementor-element elementor-element-414f36d elementor-align-center elementor-widget elementor-widget-button\" data-id=\"414f36d\" data-element_type=\"widget\" data-widget_type=\"button.default\">\n\t\t\t\t<div class=\"elementor-widget-container\">\n\t\t\t\t\t\t\t\t\t<div class=\"elementor-button-wrapper\">\n\t\t\t\t\t<a class=\"elementor-button elementor-button-link elementor-size-sm\" href=\"#\">\n\t\t\t\t\t\t<span class=\"elementor-button-content-wrapper\">\n\t\t\t\t\t\t\t\t\t<span class=\"elementor-button-text\">Kontakt aufnehmen<\/span>\n\t\t\t\t\t<\/span>\n\t\t\t\t\t<\/a>\n\t\t\t\t<\/div>\n\t\t\t\t\t\t\t\t<\/div>\n\t\t\t\t<\/div>\n\t\t\t\t\t<\/div>\n\t\t\t\t<\/div>\n\t\t\t\t<\/div>\n\t\t","protected":false},"excerpt":{"rendered":"<p>\u00dcber uns Willkommen bei NLC Business, wo Qualit\u00e4t auf Innovation trifft. Wir wurden 2010 gegr\u00fcndet und bieten viel Erfahrung und ein Engagement f\u00fcr Spitzenleistungen. Wir sind darauf spezialisiert, L\u00f6sungen anzubieten, die auf die Bed\u00fcrfnisse unserer Kunden zugeschnitten sind. Wer wir sind Herz und Hirn von NLC ist Gabriele Novosel. Mit mehr als 25 Jahren Gesch\u00e4ftserfahrung, [&hellip;]<\/p>\n","protected":false},"author":1,"featured_media":0,"parent":0,"menu_order":0,"comment_status":"closed","ping_status":"closed","template":"","meta":{"site-sidebar-layout":"no-sidebar","site-content-layout":"page-builder","ast-site-content-layout":"full-width-container","site-content-style":"default","site-sidebar-style":"default","ast-global-header-display":"","ast-banner-title-visibility":"disabled","ast-main-header-display":"","ast-hfb-above-header-display":"","ast-hfb-below-header-display":"","ast-hfb-mobile-header-display":"","site-post-title":"disabled","ast-breadcrumbs-content":"","ast-featured-img":"disabled","footer-sml-layout":"","ast-disable-related-posts":"","theme-transparent-header-meta":"enabled","adv-header-id-meta":"","stick-header-meta":"","header-above-stick-meta":"","header-main-stick-meta":"","header-below-stick-meta":"","astra-migrate-meta-layouts":"default","ast-page-background-enabled":"default","ast-page-background-meta":{"desktop":{"background-color":"var(--ast-global-color-4)","background-image":"","background-repeat":"repeat","background-position":"center center","background-size":"auto","background-attachment":"scroll","background-type":"","background-media":"","overlay-type":"","overlay-color":"","overlay-opacity":"","overlay-gradient":""},"tablet":{"background-color":"","background-image":"","background-repeat":"repeat","background-position":"center center","background-size":"auto","background-attachment":"scroll","background-type":"","background-media":"","overlay-type":"","overlay-color":"","overlay-opacity":"","overlay-gradient":""},"mobile":{"background-color":"","background-image":"","background-repeat":"repeat","background-position":"center center","background-size":"auto","background-attachment":"scroll","background-type":"","background-media":"","overlay-type":"","overlay-color":"","overlay-opacity":"","overlay-gradient":""}},"ast-content-background-meta":{"desktop":{"background-color":"var(--ast-global-color-5)","background-image":"","background-repeat":"repeat","background-position":"center center","background-size":"auto","background-attachment":"scroll","background-type":"","background-media":"","overlay-type":"","overlay-color":"","overlay-opacity":"","overlay-gradient":""},"tablet":{"background-color":"var(--ast-global-color-5)","background-image":"","background-repeat":"repeat","background-position":"center center","background-size":"auto","background-attachment":"scroll","background-type":"","background-media":"","overlay-type":"","overlay-color":"","overlay-opacity":"","overlay-gradient":""},"mobile":{"background-color":"var(--ast-global-color-5)","background-image":"","background-repeat":"repeat","background-position":"center center","background-size":"auto","background-attachment":"scroll","background-type":"","background-media":"","overlay-type":"","overlay-color":"","overlay-opacity":"","overlay-gradient":""}},"footnotes":""},"class_list":["post-1723","page","type-page","status-publish","hentry"],"_links":{"self":[{"href":"https:\/\/nlc-business.com\/de\/wp-json\/wp\/v2\/pages\/1723","targetHints":{"allow":["GET"]}}],"collection":[{"href":"https:\/\/nlc-business.com\/de\/wp-json\/wp\/v2\/pages"}],"about":[{"href":"https:\/\/nlc-business.com\/de\/wp-json\/wp\/v2\/types\/page"}],"author":[{"embeddable":true,"href":"https:\/\/nlc-business.com\/de\/wp-json\/wp\/v2\/users\/1"}],"replies":[{"embeddable":true,"href":"https:\/\/nlc-business.com\/de\/wp-json\/wp\/v2\/comments?post=1723"}],"version-history":[{"count":2,"href":"https:\/\/nlc-business.com\/de\/wp-json\/wp\/v2\/pages\/1723\/revisions"}],"predecessor-version":[{"id":1726,"href":"https:\/\/nlc-business.com\/de\/wp-json\/wp\/v2\/pages\/1723\/revisions\/1726"}],"wp:attachment":[{"href":"https:\/\/nlc-business.com\/de\/wp-json\/wp\/v2\/media?parent=1723"}],"curies":[{"name":"wp","href":"https:\/\/api.w.org\/{rel}","templated":true}]}}