{"id":1741,"date":"2025-01-04T00:18:27","date_gmt":"2025-01-03T23:18:27","guid":{"rendered":"https:\/\/nlc-business.com\/dienstleistungen\/"},"modified":"2025-01-25T06:21:25","modified_gmt":"2025-01-25T05:21:25","slug":"dienstleistungen","status":"publish","type":"page","link":"https:\/\/nlc-business.com\/de\/dienstleistungen\/","title":{"rendered":"Service"},"content":{"rendered":"\t\t<div data-elementor-type=\"wp-page\" data-elementor-id=\"1741\" class=\"elementor elementor-1741 elementor-598\" data-elementor-post-type=\"page\">\n\t\t\t\t<div class=\"elementor-element elementor-element-a0f7ed2 e-flex e-con-boxed e-con e-parent\" data-id=\"a0f7ed2\" data-element_type=\"container\" data-settings=\"{&quot;background_background&quot;:&quot;classic&quot;}\">\n\t\t\t\t\t<div class=\"e-con-inner\">\n\t\t\t\t<div class=\"elementor-element elementor-element-ae0408c elementor-widget elementor-widget-image-box\" data-id=\"ae0408c\" data-element_type=\"widget\" data-widget_type=\"image-box.default\">\n\t\t\t\t<div class=\"elementor-widget-container\">\n\t\t\t\t\t<div class=\"elementor-image-box-wrapper\"><div class=\"elementor-image-box-content\"><h1 class=\"elementor-image-box-title\">Service<\/h1><p class=\"elementor-image-box-description\">NLC bietet eine breite Palette von Dienstleistungen an, darunter Unternehmensberatung, Coaching, Sparring, Training, Projektentwicklung und Projektmanagement (agil und lean), Konfliktl\u00f6sung und Mediation, Vortr\u00e4ge und mehr.  <\/p><\/div><\/div>\t\t\t\t<\/div>\n\t\t\t\t<\/div>\n\t\t\t\t\t<\/div>\n\t\t\t\t<\/div>\n\t\t<div class=\"elementor-element elementor-element-bc4af4e e-flex e-con-boxed e-con e-parent\" data-id=\"bc4af4e\" data-element_type=\"container\" data-settings=\"{&quot;background_background&quot;:&quot;classic&quot;}\">\n\t\t\t\t\t<div class=\"e-con-inner\">\n\t\t<div class=\"elementor-element elementor-element-138f87f e-con-full e-flex e-con e-child\" data-id=\"138f87f\" data-element_type=\"container\">\n\t\t<div class=\"elementor-element elementor-element-4eb2fa1 e-con-full e-flex e-con e-child\" data-id=\"4eb2fa1\" data-element_type=\"container\">\n\t\t\t\t<div class=\"elementor-element elementor-element-6662fdf elementor-widget elementor-widget-heading\" data-id=\"6662fdf\" data-element_type=\"widget\" data-widget_type=\"heading.default\">\n\t\t\t\t<div class=\"elementor-widget-container\">\n\t\t\t\t\t<h6 class=\"elementor-heading-title elementor-size-default\">01.<\/h6>\t\t\t\t<\/div>\n\t\t\t\t<\/div>\n\t\t\t\t<div class=\"elementor-element elementor-element-7ca36f9 elementor-widget elementor-widget-image-box\" data-id=\"7ca36f9\" data-element_type=\"widget\" data-widget_type=\"image-box.default\">\n\t\t\t\t<div class=\"elementor-widget-container\">\n\t\t\t\t\t<div class=\"elementor-image-box-wrapper\"><div class=\"elementor-image-box-content\"><h3 class=\"elementor-image-box-title\">Unternehmensberatung  <\/h3><p class=\"elementor-image-box-description\">Unser grundlegender Ansatz besteht darin, Arbeitsorganisationen als sozial komplexe Systeme zu betrachten, deren Wesen durch das stabile Dreieck aus Strategie, Struktur und Kultur gebildet wird. Der Kunde ist der einzige Zweck des Unternehmens, und die Bed\u00fcrfnisse des Kunden bestimmen die Vorgehensweise, die durch das jeweilige Gesch\u00e4ftsumfeld bestimmt wird. Wir unterst\u00fctzen F\u00fchrungskr\u00e4fte und Mitarbeiter in Schl\u00fcsselpositionen bei der Transformation in das digitale Zeitalter und bei der Bew\u00e4ltigung der damit verbundenen Herausforderungen.<\/p><\/div><\/div>\t\t\t\t<\/div>\n\t\t\t\t<\/div>\n\t\t\t\t<div class=\"elementor-element elementor-element-f3dbf5d elementor-widget elementor-widget-button\" data-id=\"f3dbf5d\" data-element_type=\"widget\" data-widget_type=\"button.default\">\n\t\t\t\t<div class=\"elementor-widget-container\">\n\t\t\t\t\t\t\t\t\t<div class=\"elementor-button-wrapper\">\n\t\t\t\t\t<a class=\"elementor-button elementor-button-link elementor-size-sm\" href=\"#\">\n\t\t\t\t\t\t<span class=\"elementor-button-content-wrapper\">\n\t\t\t\t\t\t\t\t\t<span class=\"elementor-button-text\">Mehr lesen<\/span>\n\t\t\t\t\t<\/span>\n\t\t\t\t\t<\/a>\n\t\t\t\t<\/div>\n\t\t\t\t\t\t\t\t<\/div>\n\t\t\t\t<\/div>\n\t\t\t\t<\/div>\n\t\t<div class=\"elementor-element elementor-element-d5964f1 e-con-full e-flex e-con e-child\" data-id=\"d5964f1\" data-element_type=\"container\">\n\t\t\t\t<div class=\"elementor-element elementor-element-b1ff7eb elementor-widget elementor-widget-image\" data-id=\"b1ff7eb\" data-element_type=\"widget\" data-widget_type=\"image.default\">\n\t\t\t\t<div class=\"elementor-widget-container\">\n\t\t\t\t\t\t\t\t\t\t\t\t\t\t\t<img fetchpriority=\"high\" decoding=\"async\" width=\"1024\" height=\"682\" src=\"https:\/\/nlc-business.com\/wp-content\/uploads\/2025\/01\/AdobeStock_157323234_II-1024x682.jpg\" class=\"attachment-large size-large wp-image-1704\" alt=\"\" srcset=\"https:\/\/nlc-business.com\/wp-content\/uploads\/2025\/01\/AdobeStock_157323234_II-1024x682.jpg 1024w, https:\/\/nlc-business.com\/wp-content\/uploads\/2025\/01\/AdobeStock_157323234_II-300x200.jpg 300w, https:\/\/nlc-business.com\/wp-content\/uploads\/2025\/01\/AdobeStock_157323234_II-768x511.jpg 768w, https:\/\/nlc-business.com\/wp-content\/uploads\/2025\/01\/AdobeStock_157323234_II-1536x1023.jpg 1536w, https:\/\/nlc-business.com\/wp-content\/uploads\/2025\/01\/AdobeStock_157323234_II-2048x1364.jpg 2048w\" sizes=\"(max-width: 1024px) 100vw, 1024px\" \/>\t\t\t\t\t\t\t\t\t\t\t\t\t\t\t<\/div>\n\t\t\t\t<\/div>\n\t\t\t\t<\/div>\n\t\t\t\t<\/div>\n\t\t<div class=\"elementor-element elementor-element-aa529e1 e-con-full e-flex e-con e-child\" data-id=\"aa529e1\" data-element_type=\"container\">\n\t\t<div class=\"elementor-element elementor-element-76028a8 e-con-full e-flex e-con e-child\" data-id=\"76028a8\" data-element_type=\"container\">\n\t\t\t\t<div class=\"elementor-element elementor-element-5dbbf1d elementor-widget elementor-widget-image\" data-id=\"5dbbf1d\" data-element_type=\"widget\" data-widget_type=\"image.default\">\n\t\t\t\t<div class=\"elementor-widget-container\">\n\t\t\t\t\t\t\t\t\t\t\t\t\t\t\t<img decoding=\"async\" width=\"1024\" height=\"477\" src=\"https:\/\/nlc-business.com\/wp-content\/uploads\/2025\/01\/AdobeStock_224451297_INT-1024x477.jpeg\" class=\"attachment-large size-large wp-image-1703\" alt=\"\" srcset=\"https:\/\/nlc-business.com\/wp-content\/uploads\/2025\/01\/AdobeStock_224451297_INT-1024x477.jpeg 1024w, https:\/\/nlc-business.com\/wp-content\/uploads\/2025\/01\/AdobeStock_224451297_INT-300x140.jpeg 300w, https:\/\/nlc-business.com\/wp-content\/uploads\/2025\/01\/AdobeStock_224451297_INT-768x358.jpeg 768w, https:\/\/nlc-business.com\/wp-content\/uploads\/2025\/01\/AdobeStock_224451297_INT-1536x716.jpeg 1536w, https:\/\/nlc-business.com\/wp-content\/uploads\/2025\/01\/AdobeStock_224451297_INT-2048x954.jpeg 2048w\" sizes=\"(max-width: 1024px) 100vw, 1024px\" \/>\t\t\t\t\t\t\t\t\t\t\t\t\t\t\t<\/div>\n\t\t\t\t<\/div>\n\t\t\t\t<\/div>\n\t\t<div class=\"elementor-element elementor-element-8f1738d e-con-full e-flex e-con e-child\" data-id=\"8f1738d\" data-element_type=\"container\">\n\t\t\t\t<div class=\"elementor-element elementor-element-b789752 elementor-widget elementor-widget-heading\" data-id=\"b789752\" data-element_type=\"widget\" data-widget_type=\"heading.default\">\n\t\t\t\t<div class=\"elementor-widget-container\">\n\t\t\t\t\t<h6 class=\"elementor-heading-title elementor-size-default\">02.<\/h6>\t\t\t\t<\/div>\n\t\t\t\t<\/div>\n\t\t\t\t<div class=\"elementor-element elementor-element-f3e3539 elementor-widget elementor-widget-image-box\" data-id=\"f3e3539\" data-element_type=\"widget\" data-widget_type=\"image-box.default\">\n\t\t\t\t<div class=\"elementor-widget-container\">\n\t\t\t\t\t<div class=\"elementor-image-box-wrapper\"><div class=\"elementor-image-box-content\"><h3 class=\"elementor-image-box-title\">Projektentwicklung &amp; -management<\/h3><p class=\"elementor-image-box-description\">Die Entwicklung von Gesch\u00e4ftsm\u00f6glichkeiten und Projekten ist eine unserer Kernkompetenzen, zum Beispiel Immobilienprojekte. Wir beherrschen sowohl das klassische \"Wasserfall-Projekt- oder Multiprojektmanagement\" als auch agile Ans\u00e4tze wie SAFe, Lean oder Scrum f\u00fcr Ihre Unternehmensprojekte.<\/p><\/div><\/div>\t\t\t\t<\/div>\n\t\t\t\t<\/div>\n\t\t\t\t<div class=\"elementor-element elementor-element-c68c030 elementor-widget elementor-widget-button\" data-id=\"c68c030\" data-element_type=\"widget\" data-widget_type=\"button.default\">\n\t\t\t\t<div class=\"elementor-widget-container\">\n\t\t\t\t\t\t\t\t\t<div class=\"elementor-button-wrapper\">\n\t\t\t\t\t<a class=\"elementor-button elementor-button-link elementor-size-sm\" href=\"#\">\n\t\t\t\t\t\t<span class=\"elementor-button-content-wrapper\">\n\t\t\t\t\t\t\t\t\t<span class=\"elementor-button-text\">Mehr lesen<\/span>\n\t\t\t\t\t<\/span>\n\t\t\t\t\t<\/a>\n\t\t\t\t<\/div>\n\t\t\t\t\t\t\t\t<\/div>\n\t\t\t\t<\/div>\n\t\t\t\t<\/div>\n\t\t\t\t<\/div>\n\t\t\t\t\t<\/div>\n\t\t\t\t<\/div>\n\t\t<div class=\"elementor-element elementor-element-63183de e-con-full e-flex e-con e-parent\" data-id=\"63183de\" data-element_type=\"container\" data-settings=\"{&quot;background_background&quot;:&quot;classic&quot;}\">\n\t\t<div class=\"elementor-element elementor-element-2b92d73 e-flex e-con-boxed e-con e-child\" data-id=\"2b92d73\" data-element_type=\"container\">\n\t\t\t\t\t<div class=\"e-con-inner\">\n\t\t\t\t<div class=\"elementor-element elementor-element-11235e9 elementor-widget elementor-widget-image-box\" data-id=\"11235e9\" data-element_type=\"widget\" data-widget_type=\"image-box.default\">\n\t\t\t\t<div class=\"elementor-widget-container\">\n\t\t\t\t\t<div class=\"elementor-image-box-wrapper\"><div class=\"elementor-image-box-content\"><h2 class=\"elementor-image-box-title\">Menschen &amp; Teams<\/h2><p class=\"elementor-image-box-description\">Nicht nur die Entwicklung von Strategien oder die Anpassung von Organisationsstrukturen und Prozessen an das digitale Zeitalter sind entscheidende Erfolgsfaktoren, sondern mehr noch die Menschen, die den Wandel umsetzen und die Transformation meistern m\u00fcssen.<\/p><\/div><\/div>\t\t\t\t<\/div>\n\t\t\t\t<\/div>\n\t\t\t\t<div class=\"elementor-element elementor-element-8b38637 elementor-align-center elementor-widget elementor-widget-button\" data-id=\"8b38637\" data-element_type=\"widget\" data-widget_type=\"button.default\">\n\t\t\t\t<div class=\"elementor-widget-container\">\n\t\t\t\t\t\t\t\t\t<div class=\"elementor-button-wrapper\">\n\t\t\t\t\t<a class=\"elementor-button elementor-button-link elementor-size-sm\" href=\"#\">\n\t\t\t\t\t\t<span class=\"elementor-button-content-wrapper\">\n\t\t\t\t\t\t\t\t\t<span class=\"elementor-button-text\">Kontakt aufnehmen<\/span>\n\t\t\t\t\t<\/span>\n\t\t\t\t\t<\/a>\n\t\t\t\t<\/div>\n\t\t\t\t\t\t\t\t<\/div>\n\t\t\t\t<\/div>\n\t\t\t\t\t<\/div>\n\t\t\t\t<\/div>\n\t\t\t\t<\/div>\n\t\t<div class=\"elementor-element elementor-element-5a42332 e-flex e-con-boxed e-con e-parent\" data-id=\"5a42332\" data-element_type=\"container\" data-settings=\"{&quot;background_background&quot;:&quot;classic&quot;}\">\n\t\t\t\t\t<div class=\"e-con-inner\">\n\t\t<div class=\"elementor-element elementor-element-b9fa055 e-con-full e-flex e-con e-child\" data-id=\"b9fa055\" data-element_type=\"container\">\n\t\t<div class=\"elementor-element elementor-element-9a4dc2f e-con-full e-flex e-con e-child\" data-id=\"9a4dc2f\" data-element_type=\"container\">\n\t\t\t\t<div class=\"elementor-element elementor-element-a718470 elementor-widget elementor-widget-heading\" data-id=\"a718470\" data-element_type=\"widget\" data-widget_type=\"heading.default\">\n\t\t\t\t<div class=\"elementor-widget-container\">\n\t\t\t\t\t<h6 class=\"elementor-heading-title elementor-size-default\">03.<\/h6>\t\t\t\t<\/div>\n\t\t\t\t<\/div>\n\t\t\t\t<div class=\"elementor-element elementor-element-d7b2d9d elementor-widget elementor-widget-image-box\" data-id=\"d7b2d9d\" data-element_type=\"widget\" data-widget_type=\"image-box.default\">\n\t\t\t\t<div class=\"elementor-widget-container\">\n\t\t\t\t\t<div class=\"elementor-image-box-wrapper\"><div class=\"elementor-image-box-content\"><h3 class=\"elementor-image-box-title\">Coaching, Training, Sparring<\/h3><p class=\"elementor-image-box-description\">Die Entwicklung von Menschen und die Unterst\u00fctzung von Organisationen, die Besetzung der richtigen Personen mit den richtigen Funktionen geh\u00f6ren zu unseren wichtigsten Aufgaben. Ob individuelles Coaching und Sparring mit F\u00fchrungskr\u00e4ften und Schl\u00fcsselmitarbeitern, ob Unterst\u00fctzung von Teams als Scrum Master oder Senior Agile Coach oder klassisches Training f\u00fcr Wissenstransfer oder Teambuilding-Settings - wir lieben es, Organisationen mit ihren Mitarbeitern zu unterst\u00fctzen!<\/p><\/div><\/div>\t\t\t\t<\/div>\n\t\t\t\t<\/div>\n\t\t\t\t<div class=\"elementor-element elementor-element-c9a6017 elementor-widget elementor-widget-button\" data-id=\"c9a6017\" data-element_type=\"widget\" data-widget_type=\"button.default\">\n\t\t\t\t<div class=\"elementor-widget-container\">\n\t\t\t\t\t\t\t\t\t<div class=\"elementor-button-wrapper\">\n\t\t\t\t\t<a class=\"elementor-button elementor-button-link elementor-size-sm\" href=\"#\">\n\t\t\t\t\t\t<span class=\"elementor-button-content-wrapper\">\n\t\t\t\t\t\t\t\t\t<span class=\"elementor-button-text\">Mehr lesen<\/span>\n\t\t\t\t\t<\/span>\n\t\t\t\t\t<\/a>\n\t\t\t\t<\/div>\n\t\t\t\t\t\t\t\t<\/div>\n\t\t\t\t<\/div>\n\t\t\t\t<\/div>\n\t\t<div class=\"elementor-element elementor-element-8d4c152 e-con-full e-flex e-con e-child\" data-id=\"8d4c152\" data-element_type=\"container\">\n\t\t\t\t<div class=\"elementor-element elementor-element-f041116 elementor-widget elementor-widget-image\" data-id=\"f041116\" data-element_type=\"widget\" data-widget_type=\"image.default\">\n\t\t\t\t<div class=\"elementor-widget-container\">\n\t\t\t\t\t\t\t\t\t\t\t\t\t\t\t<img decoding=\"async\" width=\"1024\" height=\"653\" src=\"https:\/\/nlc-business.com\/wp-content\/uploads\/2025\/01\/AdobeStock_242912855-1024x653.jpeg\" class=\"attachment-large size-large wp-image-1694\" alt=\"\" srcset=\"https:\/\/nlc-business.com\/wp-content\/uploads\/2025\/01\/AdobeStock_242912855-1024x653.jpeg 1024w, https:\/\/nlc-business.com\/wp-content\/uploads\/2025\/01\/AdobeStock_242912855-300x191.jpeg 300w, https:\/\/nlc-business.com\/wp-content\/uploads\/2025\/01\/AdobeStock_242912855-768x490.jpeg 768w, https:\/\/nlc-business.com\/wp-content\/uploads\/2025\/01\/AdobeStock_242912855-1536x980.jpeg 1536w, https:\/\/nlc-business.com\/wp-content\/uploads\/2025\/01\/AdobeStock_242912855-2048x1307.jpeg 2048w\" sizes=\"(max-width: 1024px) 100vw, 1024px\" \/>\t\t\t\t\t\t\t\t\t\t\t\t\t\t\t<\/div>\n\t\t\t\t<\/div>\n\t\t\t\t<\/div>\n\t\t\t\t<\/div>\n\t\t<div class=\"elementor-element elementor-element-551ac05 e-con-full e-flex e-con e-child\" data-id=\"551ac05\" data-element_type=\"container\">\n\t\t<div class=\"elementor-element elementor-element-b806a63 e-con-full e-flex e-con e-child\" data-id=\"b806a63\" data-element_type=\"container\">\n\t\t\t\t<div class=\"elementor-element elementor-element-377729b elementor-widget elementor-widget-image\" data-id=\"377729b\" data-element_type=\"widget\" data-widget_type=\"image.default\">\n\t\t\t\t<div class=\"elementor-widget-container\">\n\t\t\t\t\t\t\t\t\t\t\t\t\t\t\t<img loading=\"lazy\" decoding=\"async\" width=\"1024\" height=\"540\" src=\"https:\/\/nlc-business.com\/wp-content\/uploads\/2025\/01\/AdobeStock_330280963-1-1024x540.jpg\" class=\"attachment-large size-large wp-image-1705\" alt=\"\" srcset=\"https:\/\/nlc-business.com\/wp-content\/uploads\/2025\/01\/AdobeStock_330280963-1-1024x540.jpg 1024w, https:\/\/nlc-business.com\/wp-content\/uploads\/2025\/01\/AdobeStock_330280963-1-300x158.jpg 300w, https:\/\/nlc-business.com\/wp-content\/uploads\/2025\/01\/AdobeStock_330280963-1-768x405.jpg 768w, https:\/\/nlc-business.com\/wp-content\/uploads\/2025\/01\/AdobeStock_330280963-1-1536x810.jpg 1536w\" sizes=\"(max-width: 1024px) 100vw, 1024px\" \/>\t\t\t\t\t\t\t\t\t\t\t\t\t\t\t<\/div>\n\t\t\t\t<\/div>\n\t\t\t\t<\/div>\n\t\t<div class=\"elementor-element elementor-element-01acff1 e-con-full e-flex e-con e-child\" data-id=\"01acff1\" data-element_type=\"container\">\n\t\t\t\t<div class=\"elementor-element elementor-element-951a6d4 elementor-widget elementor-widget-heading\" data-id=\"951a6d4\" data-element_type=\"widget\" data-widget_type=\"heading.default\">\n\t\t\t\t<div class=\"elementor-widget-container\">\n\t\t\t\t\t<h6 class=\"elementor-heading-title elementor-size-default\">04<\/h6>\t\t\t\t<\/div>\n\t\t\t\t<\/div>\n\t\t\t\t<div class=\"elementor-element elementor-element-02754b2 elementor-widget elementor-widget-image-box\" data-id=\"02754b2\" data-element_type=\"widget\" data-widget_type=\"image-box.default\">\n\t\t\t\t<div class=\"elementor-widget-container\">\n\t\t\t\t\t<div class=\"elementor-image-box-wrapper\"><div class=\"elementor-image-box-content\"><h3 class=\"elementor-image-box-title\">Konfliktmanagement &amp; Mediation<\/h3><p class=\"elementor-image-box-description\">Arbeitsorganisationen sind sozial komplexe Unternehmen, in denen Menschen entlang der Wertsch\u00f6pfungskette zusammenarbeiten. Konflikte innerhalb des Unternehmens sowie mit dem relevanten Umfeld, wie Lieferanten, Kundensystemen, Gesch\u00e4ftspartnern usw., geh\u00f6ren daher zum Tagesgesch\u00e4ft und sollten daher zukunftsorientiert gel\u00f6st werden. Als zivilrechtlicher Mediator (eingetragen bei der \u00f6sterreichischen Justiz) helfen wir den Konfliktparteien bei der L\u00f6sung ihres Problems.<\/p><\/div><\/div>\t\t\t\t<\/div>\n\t\t\t\t<\/div>\n\t\t\t\t<div class=\"elementor-element elementor-element-aba0807 elementor-widget elementor-widget-button\" data-id=\"aba0807\" data-element_type=\"widget\" data-widget_type=\"button.default\">\n\t\t\t\t<div class=\"elementor-widget-container\">\n\t\t\t\t\t\t\t\t\t<div class=\"elementor-button-wrapper\">\n\t\t\t\t\t<a class=\"elementor-button elementor-button-link elementor-size-sm\" href=\"#\">\n\t\t\t\t\t\t<span class=\"elementor-button-content-wrapper\">\n\t\t\t\t\t\t\t\t\t<span class=\"elementor-button-text\">Mehr lesen<\/span>\n\t\t\t\t\t<\/span>\n\t\t\t\t\t<\/a>\n\t\t\t\t<\/div>\n\t\t\t\t\t\t\t\t<\/div>\n\t\t\t\t<\/div>\n\t\t\t\t<\/div>\n\t\t\t\t<\/div>\n\t\t\t\t\t<\/div>\n\t\t\t\t<\/div>\n\t\t<div class=\"elementor-element elementor-element-e7d99ac e-flex e-con-boxed e-con e-parent\" data-id=\"e7d99ac\" data-element_type=\"container\" data-settings=\"{&quot;background_background&quot;:&quot;classic&quot;}\">\n\t\t\t\t\t<div class=\"e-con-inner\">\n\t\t\t\t<div class=\"elementor-element elementor-element-1fce5ba elementor-widget elementor-widget-heading\" data-id=\"1fce5ba\" data-element_type=\"widget\" data-widget_type=\"heading.default\">\n\t\t\t\t<div class=\"elementor-widget-container\">\n\t\t\t\t\t<h2 class=\"elementor-heading-title elementor-size-default\">Wir helfen unseren Kunden, ihr Gesch\u00e4ft mit bester Qualit\u00e4t und Pr\u00e4zision zu entwickeln.<\/h2>\t\t\t\t<\/div>\n\t\t\t\t<\/div>\n\t\t\t\t<div class=\"elementor-element elementor-element-dfb19a4 elementor-widget elementor-widget-heading\" data-id=\"dfb19a4\" data-element_type=\"widget\" data-widget_type=\"heading.default\">\n\t\t\t\t<div class=\"elementor-widget-container\">\n\t\t\t\t\t<p class=\"elementor-heading-title elementor-size-default\">Wir kennen uns nicht? Wir freuen uns darauf, mit Ihnen in Kontakt zu treten!<\/p>\t\t\t\t<\/div>\n\t\t\t\t<\/div>\n\t\t\t\t<div class=\"elementor-element elementor-element-911138a elementor-align-center elementor-widget elementor-widget-button\" data-id=\"911138a\" data-element_type=\"widget\" data-widget_type=\"button.default\">\n\t\t\t\t<div class=\"elementor-widget-container\">\n\t\t\t\t\t\t\t\t\t<div class=\"elementor-button-wrapper\">\n\t\t\t\t\t<a class=\"elementor-button elementor-button-link elementor-size-sm\" href=\"#\">\n\t\t\t\t\t\t<span class=\"elementor-button-content-wrapper\">\n\t\t\t\t\t\t\t\t\t<span class=\"elementor-button-text\">Kontakt aufnehmen<\/span>\n\t\t\t\t\t<\/span>\n\t\t\t\t\t<\/a>\n\t\t\t\t<\/div>\n\t\t\t\t\t\t\t\t<\/div>\n\t\t\t\t<\/div>\n\t\t\t\t\t<\/div>\n\t\t\t\t<\/div>\n\t\t\t\t<\/div>\n\t\t","protected":false},"excerpt":{"rendered":"<p>Service NLC bietet eine breite Palette von Dienstleistungen an, darunter Unternehmensberatung, Coaching, Sparring, Training, Projektentwicklung und Projektmanagement (agil und lean), Konfliktl\u00f6sung und Mediation, Vortr\u00e4ge und mehr. 01. Unternehmensberatung Unser grundlegender Ansatz besteht darin, Arbeitsorganisationen als sozial komplexe Systeme zu betrachten, deren Wesen durch das stabile Dreieck aus Strategie, Struktur und Kultur gebildet wird. Der Kunde [&hellip;]<\/p>\n","protected":false},"author":1,"featured_media":0,"parent":0,"menu_order":0,"comment_status":"closed","ping_status":"closed","template":"","meta":{"site-sidebar-layout":"no-sidebar","site-content-layout":"page-builder","ast-site-content-layout":"full-width-container","site-content-style":"default","site-sidebar-style":"default","ast-global-header-display":"","ast-banner-title-visibility":"disabled","ast-main-header-display":"","ast-hfb-above-header-display":"","ast-hfb-below-header-display":"","ast-hfb-mobile-header-display":"","site-post-title":"disabled","ast-breadcrumbs-content":"","ast-featured-img":"disabled","footer-sml-layout":"","ast-disable-related-posts":"","theme-transparent-header-meta":"enabled","adv-header-id-meta":"","stick-header-meta":"","header-above-stick-meta":"","header-main-stick-meta":"","header-below-stick-meta":"","astra-migrate-meta-layouts":"set","ast-page-background-enabled":"default","ast-page-background-meta":{"desktop":{"background-color":"var(--ast-global-color-4)","background-image":"","background-repeat":"repeat","background-position":"center center","background-size":"auto","background-attachment":"scroll","background-type":"","background-media":"","overlay-type":"","overlay-color":"","overlay-opacity":"","overlay-gradient":""},"tablet":{"background-color":"","background-image":"","background-repeat":"repeat","background-position":"center center","background-size":"auto","background-attachment":"scroll","background-type":"","background-media":"","overlay-type":"","overlay-color":"","overlay-opacity":"","overlay-gradient":""},"mobile":{"background-color":"","background-image":"","background-repeat":"repeat","background-position":"center center","background-size":"auto","background-attachment":"scroll","background-type":"","background-media":"","overlay-type":"","overlay-color":"","overlay-opacity":"","overlay-gradient":""}},"ast-content-background-meta":{"desktop":{"background-color":"var(--ast-global-color-5)","background-image":"","background-repeat":"repeat","background-position":"center center","background-size":"auto","background-attachment":"scroll","background-type":"","background-media":"","overlay-type":"","overlay-color":"","overlay-opacity":"","overlay-gradient":""},"tablet":{"background-color":"var(--ast-global-color-5)","background-image":"","background-repeat":"repeat","background-position":"center center","background-size":"auto","background-attachment":"scroll","background-type":"","background-media":"","overlay-type":"","overlay-color":"","overlay-opacity":"","overlay-gradient":""},"mobile":{"background-color":"var(--ast-global-color-5)","background-image":"","background-repeat":"repeat","background-position":"center center","background-size":"auto","background-attachment":"scroll","background-type":"","background-media":"","overlay-type":"","overlay-color":"","overlay-opacity":"","overlay-gradient":""}},"footnotes":""},"class_list":["post-1741","page","type-page","status-publish","hentry"],"_links":{"self":[{"href":"https:\/\/nlc-business.com\/de\/wp-json\/wp\/v2\/pages\/1741","targetHints":{"allow":["GET"]}}],"collection":[{"href":"https:\/\/nlc-business.com\/de\/wp-json\/wp\/v2\/pages"}],"about":[{"href":"https:\/\/nlc-business.com\/de\/wp-json\/wp\/v2\/types\/page"}],"author":[{"embeddable":true,"href":"https:\/\/nlc-business.com\/de\/wp-json\/wp\/v2\/users\/1"}],"replies":[{"embeddable":true,"href":"https:\/\/nlc-business.com\/de\/wp-json\/wp\/v2\/comments?post=1741"}],"version-history":[{"count":6,"href":"https:\/\/nlc-business.com\/de\/wp-json\/wp\/v2\/pages\/1741\/revisions"}],"predecessor-version":[{"id":1761,"href":"https:\/\/nlc-business.com\/de\/wp-json\/wp\/v2\/pages\/1741\/revisions\/1761"}],"wp:attachment":[{"href":"https:\/\/nlc-business.com\/de\/wp-json\/wp\/v2\/media?parent=1741"}],"curies":[{"name":"wp","href":"https:\/\/api.w.org\/{rel}","templated":true}]}}